{"id":3653,"date":"2025-06-12T07:38:04","date_gmt":"2025-06-12T07:38:04","guid":{"rendered":"https:\/\/arch.ro\/?page_id=3653"},"modified":"2025-06-12T07:38:22","modified_gmt":"2025-06-12T07:38:22","slug":"politica-de-cookies","status":"publish","type":"page","link":"https:\/\/arch.ro\/en\/politica-de-cookies\/","title":{"rendered":"COOKIE POLICY"},"content":{"rendered":"<div data-elementor-type=\"wp-page\" data-elementor-id=\"3653\" class=\"elementor elementor-3653\">\n\t\t\t\t<div class=\"elementor-element elementor-element-bdeadc9 e-flex e-con-boxed e-con e-parent\" data-id=\"bdeadc9\" data-element_type=\"container\">\r\n\t\t\t\t\t<div class=\"e-con-inner\">\r\n\t\t\t\t<div class=\"elementor-element elementor-element-e433272 elementor-widget elementor-widget-porto_ultimate_heading\" data-id=\"e433272\" data-element_type=\"widget\" data-widget_type=\"porto_ultimate_heading.default\">\n\t\t\t\t\t<div class=\"porto-u-heading  porto-u-ad87e2eaf3f9c495180fe0156ddf3eb0\"><div class=\"porto-u-main-heading\"><h2   >COOKIE POLICY<\/h2><\/div><style>.porto-u-ad87e2eaf3f9c495180fe0156ddf3eb0.porto-u-heading{text-align:left}<\/style><\/div>\t\t\t\t<\/div>\n\t\t\t\t\t<\/div>\n\t\t\t\t<\/div>\n\t\t<div class=\"elementor-element elementor-element-58fb7149 e-flex e-con-boxed e-con e-parent\" data-id=\"58fb7149\" data-element_type=\"container\">\r\n\t\t\t\t\t<div class=\"e-con-inner\">\r\n\t\t\t\t<div class=\"elementor-element elementor-element-2fb00cb6 elementor-widget elementor-widget-text-editor\" data-id=\"2fb00cb6\" data-element_type=\"widget\" data-widget_type=\"text-editor.default\">\n\t\t\t\t\t\t\t\t\t\n<p data-pm-slice=\"1 1 []\">Website <strong>arch.ro<\/strong> uses cookies to improve user experience, analyze traffic, and adapt content.<\/p>\n<h3>What are cookies?<\/h3>\n<p>Cookies are small files stored in your browser. They help the website work better, remember your preferences and provide anonymous data for analytics.<\/p>\n<h3>What types of cookies do we use:<\/h3>\n<ul data-spread=\"false\">\n<li>\n<p><strong>Functional:<\/strong> essential for the functioning of the site<\/p>\n<\/li>\n<li>\n<p><strong>Statistics:<\/strong> to understand how the site is used (e.g. Google Analytics)<\/p>\n<\/li>\n<li>\n<p><strong>Marketing:<\/strong> where we integrate platforms like Facebook Pixel<\/p>\n<\/li>\n<\/ul>\n<h3>Managing preferences:<\/h3>\n<p>You can accept or refuse cookies through the banner on the site or through your browser settings.<\/p>\n<p>For further details, write to us at <a><strong>contact@arch.ro<\/strong><\/a>.<\/p>\n\t\t\t\t\t\t\t\t<\/div>\n\t\t\t\t\t<\/div>\n\t\t\t\t<\/div>\n\t\t\t\t<\/div>","protected":false},"excerpt":{"rendered":"<p>POLITICA DE COOKIES Site-ul arch.ro folose\u0219te cookie-uri pentru a \u00eembun\u0103t\u0103\u021bi experien\u021ba utilizatorilor, a analiza traficul \u0219i a adapta con\u021binutul. Ce sunt cookie-urile? Cookie-urile sunt fi\u0219iere mici stocate \u00een browserul t\u0103u. Ele ajut\u0103 site-ul s\u0103 func\u021bioneze mai bine, s\u0103 re\u021bin\u0103 preferin\u021bele tale \u0219i s\u0103 ofere date anonime pentru analize. Ce tipuri de cookie-uri folosim: Func\u021bionale: esen\u021biale [&hellip;]<\/p>","protected":false},"author":2,"featured_media":0,"parent":0,"menu_order":0,"comment_status":"closed","ping_status":"closed","template":"","meta":{"give_campaign_id":0,"footnotes":""},"class_list":["post-3653","page","type-page","status-publish","hentry"],"campaignId":"","_links":{"self":[{"href":"https:\/\/arch.ro\/en\/wp-json\/wp\/v2\/pages\/3653","targetHints":{"allow":["GET"]}}],"collection":[{"href":"https:\/\/arch.ro\/en\/wp-json\/wp\/v2\/pages"}],"about":[{"href":"https:\/\/arch.ro\/en\/wp-json\/wp\/v2\/types\/page"}],"author":[{"embeddable":true,"href":"https:\/\/arch.ro\/en\/wp-json\/wp\/v2\/users\/2"}],"replies":[{"embeddable":true,"href":"https:\/\/arch.ro\/en\/wp-json\/wp\/v2\/comments?post=3653"}],"version-history":[{"count":0,"href":"https:\/\/arch.ro\/en\/wp-json\/wp\/v2\/pages\/3653\/revisions"}],"wp:attachment":[{"href":"https:\/\/arch.ro\/en\/wp-json\/wp\/v2\/media?parent=3653"}],"curies":[{"name":"wp","href":"https:\/\/api.w.org\/{rel}","templated":true}]}}