{"id":3643,"date":"2025-06-12T07:35:49","date_gmt":"2025-06-12T07:35:49","guid":{"rendered":"https:\/\/arch.ro\/?page_id=3643"},"modified":"2025-06-12T07:36:41","modified_gmt":"2025-06-12T07:36:41","slug":"politica-de-confidentialitate","status":"publish","type":"page","link":"https:\/\/arch.ro\/en\/politica-de-confidentialitate\/","title":{"rendered":"PRIVACY POLICY"},"content":{"rendered":"<div data-elementor-type=\"wp-page\" data-elementor-id=\"3643\" class=\"elementor elementor-3643\">\n\t\t\t\t<div class=\"elementor-element elementor-element-bdeadc9 e-flex e-con-boxed e-con e-parent\" data-id=\"bdeadc9\" data-element_type=\"container\">\r\n\t\t\t\t\t<div class=\"e-con-inner\">\r\n\t\t\t\t<div class=\"elementor-element elementor-element-e433272 elementor-widget elementor-widget-porto_ultimate_heading\" data-id=\"e433272\" data-element_type=\"widget\" data-widget_type=\"porto_ultimate_heading.default\">\n\t\t\t\t\t<div class=\"porto-u-heading  porto-u-ad87e2eaf3f9c495180fe0156ddf3eb0\"><div class=\"porto-u-main-heading\"><h2   >PRIVACY POLICY<\/h2><\/div><style>.porto-u-ad87e2eaf3f9c495180fe0156ddf3eb0.porto-u-heading{text-align:left}<\/style><\/div>\t\t\t\t<\/div>\n\t\t\t\t\t<\/div>\n\t\t\t\t<\/div>\n\t\t<div class=\"elementor-element elementor-element-58fb7149 e-flex e-con-boxed e-con e-parent\" data-id=\"58fb7149\" data-element_type=\"container\">\r\n\t\t\t\t\t<div class=\"e-con-inner\">\r\n\t\t\t\t<div class=\"elementor-element elementor-element-2fb00cb6 elementor-widget elementor-widget-text-editor\" data-id=\"2fb00cb6\" data-element_type=\"widget\" data-widget_type=\"text-editor.default\">\n\t\t\t\t\t\t\t\t\t\n<p><strong>ARCH Pediatric Hospital<\/strong> \u2013 AMERICAN ROMANIAN CHILDREN&#039;S HOSPITAL &amp; RESEARCH CENTER respects the right to privacy of everyone who interacts with our project. This policy describes how we collect, use and protect your personal data, in accordance with the General Data Protection Regulation (EU) 2016\/679 (GDPR).<\/p>\n\n\n\n<h3 class=\"wp-block-heading\">What data do we collect:<\/h3>\n\n\n\n<ul class=\"wp-block-list\">\n<li>Name and surname<\/li>\n\n\n\n<li>Email address<\/li>\n\n\n\n<li>Phone number<\/li>\n\n\n\n<li>Tax information (CNP, address, income), in the case of tax redirection forms (Form 230)<\/li>\n\n\n\n<li>Donation data (amount, frequency, payment method)<\/li>\n\n\n\n<li>IP address and browser information (for security and analytics)<\/li>\n<\/ul>\n\n\n\n<h3 class=\"wp-block-heading\">How we use data:<\/h3>\n\n\n\n<ul class=\"wp-block-list\">\n<li>To process donations and forms 230<\/li>\n\n\n\n<li>To communicate about project progress and fundraising campaigns<\/li>\n\n\n\n<li>To comply with legal and tax obligations<\/li>\n\n\n\n<li>To improve the experience on the site<\/li>\n<\/ul>\n\n\n\n<h3 class=\"wp-block-heading\">Legal basis:<\/h3>\n\n\n\n<ul class=\"wp-block-list\">\n<li>Your express consent (e.g. newsletter subscription)<\/li>\n\n\n\n<li>Legal obligation (e.g. keeping tax documents)<\/li>\n\n\n\n<li>Legitimate interest (e.g. improving the website)<\/li>\n<\/ul>\n\n\n\n<h3 class=\"wp-block-heading\">Who we share data with:<\/h3>\n\n\n\n<ul class=\"wp-block-list\">\n<li>Payment processors (e.g. Stripe)<\/li>\n\n\n\n<li>Communication platforms (e.g. Mailchimp)<\/li>\n\n\n\n<li>Form230.ro (for tax redirection)<\/li>\n\n\n\n<li>Tax and legal authorities (when applicable)<\/li>\n<\/ul>\n\n\n\n<h3 class=\"wp-block-heading\">Your rights:<\/h3>\n\n\n\n<ul class=\"wp-block-list\">\n<li>Right of access<\/li>\n\n\n\n<li>Right to rectification or deletion<\/li>\n\n\n\n<li>The right to withdraw your consent<\/li>\n\n\n\n<li>The right to file a complaint with the ANSPDCP<\/li>\n<\/ul>\n\n\n\n<p>For any questions or requests related to your data, you can contact us at: <a><strong>contact@arch.ro<\/strong><\/a> \/ <strong>+40 764 336 939<\/strong><\/p>\n\t\t\t\t\t\t\t\t<\/div>\n\t\t\t\t\t<\/div>\n\t\t\t\t<\/div>\n\t\t\t\t<\/div>","protected":false},"excerpt":{"rendered":"<p>POLITICA DE CONFIDEN\u021aIALITATE Spitalul Pediatric ARCH \u2013 AMERICAN ROMANIAN CHILDREN&#8217;S HOSPITAL &amp; RESEARCH CENTER respect\u0103 dreptul la via\u021b\u0103 privat\u0103 al tuturor celor care interac\u021bioneaz\u0103 cu proiectul nostru. Aceast\u0103 politic\u0103 descrie cum colect\u0103m, folosim \u0219i protej\u0103m datele tale personale, \u00een conformitate cu Regulamentul General privind Protec\u021bia Datelor (UE) 2016\/679 (GDPR). Ce date colect\u0103m: Cum folosim datele: [&hellip;]<\/p>","protected":false},"author":2,"featured_media":0,"parent":0,"menu_order":0,"comment_status":"closed","ping_status":"closed","template":"","meta":{"give_campaign_id":0,"footnotes":""},"class_list":["post-3643","page","type-page","status-publish","hentry"],"campaignId":"","_links":{"self":[{"href":"https:\/\/arch.ro\/en\/wp-json\/wp\/v2\/pages\/3643","targetHints":{"allow":["GET"]}}],"collection":[{"href":"https:\/\/arch.ro\/en\/wp-json\/wp\/v2\/pages"}],"about":[{"href":"https:\/\/arch.ro\/en\/wp-json\/wp\/v2\/types\/page"}],"author":[{"embeddable":true,"href":"https:\/\/arch.ro\/en\/wp-json\/wp\/v2\/users\/2"}],"replies":[{"embeddable":true,"href":"https:\/\/arch.ro\/en\/wp-json\/wp\/v2\/comments?post=3643"}],"version-history":[{"count":0,"href":"https:\/\/arch.ro\/en\/wp-json\/wp\/v2\/pages\/3643\/revisions"}],"wp:attachment":[{"href":"https:\/\/arch.ro\/en\/wp-json\/wp\/v2\/media?parent=3643"}],"curies":[{"name":"wp","href":"https:\/\/api.w.org\/{rel}","templated":true}]}}